{"id":38537,"date":"2025-09-17T09:49:15","date_gmt":"2025-09-17T07:49:15","guid":{"rendered":"https:\/\/noordelijkfilmfestival.nl\/?page_id=38537"},"modified":"2025-09-24T12:21:46","modified_gmt":"2025-09-24T10:21:46","slug":"special-closing-event-amelie","status":"publish","type":"page","link":"https:\/\/noordelijkfilmfestival.nl\/en\/special-closing-event-amelie\/","title":{"rendered":"Special closing event: Am\u00e9lie"},"content":{"rendered":"\n<div  class=\"wp-block-custom wp-block-spacing block__media block__media-image aligngrid content-grid\"  >\n    \n    <div class=\"wp-block__inner\">\n        <div class=\"media media--image\">\n                            <div class=\"u-image-animate u-br-24\" ><picture><img class=\"figure__image media__image--image u-object-cover\" srcset=\"https:\/\/noordelijkfilmfestival.nl\/app\/uploads\/2025\/09\/4-240x108.jpg 240w,https:\/\/noordelijkfilmfestival.nl\/app\/uploads\/2025\/09\/4-480x215.jpg 480w,https:\/\/noordelijkfilmfestival.nl\/app\/uploads\/2025\/09\/4-720x323.jpg 720w,https:\/\/noordelijkfilmfestival.nl\/app\/uploads\/2025\/09\/4-960x430.jpg 960w,https:\/\/noordelijkfilmfestival.nl\/app\/uploads\/2025\/09\/4-1200x538.jpg 1200w,https:\/\/noordelijkfilmfestival.nl\/app\/uploads\/2025\/09\/4-1440x645.jpg 1440w\" sizes=\"(min-width: 960px) 100vw, (min-width:1230px) 1230px, 100vw\" src=\"https:\/\/noordelijkfilmfestival.nl\/app\/uploads\/2025\/09\/4.jpg\" alt=\"\" data-priority=\"0\" fetchpriority=\"high\" decoding=\"async\"><\/picture><\/div>            \n                    <\/div>\n    <\/div>\n<\/div>\n\n\n\n\n<div  class=\"wp-block-custom wp-block-spacing block__content block__content--preface aligngrid content-grid\"  >\n    \n    <div class=\"wp-block__inner \">\n        <div class=\"content content--preface \">\n                            <div class=\"subtitle bd:m10b bd:t-puny sd:t-nano lh-24 t-median\"><p>Step into the magical world of Am\u00e9lie!<\/p>\n<\/div>            \n            <div class=\"content__container u-grid lg:gap80 md:gap70 sm:gap60 sd:gap40\">\n                <div class=\"content__heading--preface\">\n                    <div class=\"content__heading heading t-bold bd:t-colossal bd:lh-58 sd:t-large sd:lh-40 ls3-\" ><h1>Closing event of the 45th edition of the Noordelijk Film Festival<\/h1><\/div>                <\/div>\n\n                <div class=\"content__excerpt--preface\">\n                    <div class=\"content__columns u-contain editor prose bd:t-medium lh-36 t-median\"><p><strong>We will conclude our 45th edition with a festive special event: a screening of the timeless classic Am\u00e9lie on the big screen, accompanied live by Yann Tiersen&#8217;s magical soundtrack, performed by the James Whale Orchestra. Tickets will be on sale from September 24, 2025 at 12:00h via this page.\u00a0<\/strong><\/p>\n<\/div>\n                    <div class=\"u-flex u-wraps u-align-center gap20 m30t\">            <a\n            href=\"https:\/\/tickets.noordelijkfilmfestival.nl\/nl-NL\/Show\/Details\/Am-lie-9-nov-8113\"\n            target=\"\"\n            class=\"btn btn--solid btn--md color-secondary1 hover:color-quinary1  bg-quinary1 \"\n            aria-label=\"\">\n                                    <span class=\"btn__text btn__text--solid btn__text--md\">Buy your tickets <\/span>\n                                \n                            <\/a>\n        <\/div>                <\/div>\n            <\/div>\n        <\/div>\n    <\/div>\n<\/div>\n\n\n\n\n<div  class=\"wp-block-custom wp-block-spacing block__content-showcase block__content-showcase-40-40  aligngrid content-grid\"  >\n        <div class=\"wp-block__inner\">\n        <div class=\"content content--showcase content--showcase-40-40 \">\n\n                <\/div>\n    <\/div>\n<\/div>\n\n\n\n\n<div  class=\"wp-block-custom wp-block-spacing block__content block__content--default  aligngrid content-grid\"  >\n    \n    <div class=\"wp-block__inner\">\n        <div class=\"content content--default\">\n           <div class=\"content__header--default\">\n                \n                            <\/div>\n\n            <div class=\"content__container--default \">\n                <div class=\"content__prose--default prose   editor t-puny lh-32 ls2-\"><p>Am\u00e9lie was the opening film of the Noordelijk Film Festival in 2001 and is returning this year with a spectacular live performance by the James Whale Orchestra. After a series of sold-out film concerts, the 23-piece chamber orchestra is coming to the north for the first time for a live performance of Yann Tiersen&#8217;s renowned soundtrack.<\/p>\n<p>The French classic Le Fabuleux Destin d&#8217;Am\u00e9lie Poulain, better known as Am\u00e9lie, follows the quirky Am\u00e9lie Poulain (played by Audrey Tautou) in the Parisian district of Montmartre. Home-schooled and isolated, but with a rich imagination, Am\u00e9lie finds her way to adulthood. Life is simple for the now 23-year-old waitress at the eccentric Caf\u00e9 des 2 Moulins, but when she discovers a metal box behind a baseboard in her bathroom, Am\u00e9lie&#8217;s life changes. Fascinated, she embarks on a quest to find the owner of the box and, in the meantime, makes it her goal to do as much good as possible for her fellow human beings. Director Jean-Pierre Jeunet paints a romantic portrait of loneliness, wonder, and the happiness that lies in the smallest moments.<\/p>\n<p>The romantic comedy drew full houses worldwide and was awarded BAFTAs, C\u00e9sars, and five Oscar nominations.<\/p>\n<p><em>It is also possible to purchase a ticket with a Cineville pass.<\/em><\/p>\n<\/div>\n                            <\/div>\n\n                    <\/div>\n    <\/div>\n<\/div>\n\n\n\n","protected":false},"excerpt":{"rendered":"","protected":false},"author":3,"featured_media":38654,"parent":0,"menu_order":0,"comment_status":"closed","ping_status":"closed","template":"","meta":{"_acf_changed":false,"inline_featured_image":false,"footnotes":""},"class_list":["post-38537","page","type-page","status-publish","has-post-thumbnail","hentry"],"acf":[],"yoast_head":"<!-- This site is optimized with the Yoast SEO plugin v27.4 - https:\/\/yoast.com\/product\/yoast-seo-wordpress\/ -->\n<title>Special closing event: Am\u00e9lie - Noordelijk Film Festival<\/title>\n<meta name=\"description\" content=\"Ticket information, discount passes, Cineville pass and merchandise items. Frequently asked questions ticketinfo.\" \/>\n<meta name=\"robots\" content=\"index, follow, max-snippet:-1, max-image-preview:large, max-video-preview:-1\" \/>\n<link rel=\"canonical\" href=\"https:\/\/noordelijkfilmfestival.nl\/en\/special-closing-event-amelie\/\" \/>\n<meta property=\"og:locale\" content=\"en_US\" \/>\n<meta property=\"og:type\" content=\"article\" \/>\n<meta property=\"og:title\" content=\"Special closing event: Am\u00e9lie - Noordelijk Film Festival\" \/>\n<meta property=\"og:description\" content=\"Ticket information, discount passes, Cineville pass and merchandise items. Frequently asked questions ticketinfo.\" \/>\n<meta property=\"og:url\" content=\"https:\/\/noordelijkfilmfestival.nl\/en\/special-closing-event-amelie\/\" \/>\n<meta property=\"og:site_name\" content=\"Noordelijk Film Festival\" \/>\n<meta property=\"article:modified_time\" content=\"2025-09-24T10:21:46+00:00\" \/>\n<meta name=\"twitter:card\" content=\"summary_large_image\" \/>\n<script type=\"application\/ld+json\" class=\"yoast-schema-graph\">{\"@context\":\"https:\\\/\\\/schema.org\",\"@graph\":[{\"@type\":\"WebPage\",\"@id\":\"https:\\\/\\\/noordelijkfilmfestival.nl\\\/en\\\/special-closing-event-amelie\\\/\",\"url\":\"https:\\\/\\\/noordelijkfilmfestival.nl\\\/en\\\/special-closing-event-amelie\\\/\",\"name\":\"Special closing event: Am\u00e9lie - Noordelijk Film Festival\",\"isPartOf\":{\"@id\":\"https:\\\/\\\/noordelijkfilmfestival.nl\\\/en\\\/#website\"},\"primaryImageOfPage\":{\"@id\":\"https:\\\/\\\/noordelijkfilmfestival.nl\\\/en\\\/special-closing-event-amelie\\\/#primaryimage\"},\"image\":{\"@id\":\"https:\\\/\\\/noordelijkfilmfestival.nl\\\/en\\\/special-closing-event-amelie\\\/#primaryimage\"},\"thumbnailUrl\":\"https:\\\/\\\/noordelijkfilmfestival.nl\\\/app\\\/uploads\\\/2025\\\/09\\\/amelie_-orchestra_1.2-scaled.jpg\",\"datePublished\":\"2025-09-17T07:49:15+00:00\",\"dateModified\":\"2025-09-24T10:21:46+00:00\",\"description\":\"Ticket information, discount passes, Cineville pass and merchandise items. Frequently asked questions ticketinfo.\",\"breadcrumb\":{\"@id\":\"https:\\\/\\\/noordelijkfilmfestival.nl\\\/en\\\/special-closing-event-amelie\\\/#breadcrumb\"},\"inLanguage\":\"en-US\",\"potentialAction\":[{\"@type\":\"ReadAction\",\"target\":[\"https:\\\/\\\/noordelijkfilmfestival.nl\\\/en\\\/special-closing-event-amelie\\\/\"]}]},{\"@type\":\"ImageObject\",\"inLanguage\":\"en-US\",\"@id\":\"https:\\\/\\\/noordelijkfilmfestival.nl\\\/en\\\/special-closing-event-amelie\\\/#primaryimage\",\"url\":\"https:\\\/\\\/noordelijkfilmfestival.nl\\\/app\\\/uploads\\\/2025\\\/09\\\/amelie_-orchestra_1.2-scaled.jpg\",\"contentUrl\":\"https:\\\/\\\/noordelijkfilmfestival.nl\\\/app\\\/uploads\\\/2025\\\/09\\\/amelie_-orchestra_1.2-scaled.jpg\",\"width\":2560,\"height\":2428},{\"@type\":\"BreadcrumbList\",\"@id\":\"https:\\\/\\\/noordelijkfilmfestival.nl\\\/en\\\/special-closing-event-amelie\\\/#breadcrumb\",\"itemListElement\":[{\"@type\":\"ListItem\",\"position\":1,\"name\":\"Home\",\"item\":\"https:\\\/\\\/noordelijkfilmfestival.nl\\\/en\\\/\"},{\"@type\":\"ListItem\",\"position\":2,\"name\":\"Special closing event: Am\u00e9lie\"}]},{\"@type\":\"WebSite\",\"@id\":\"https:\\\/\\\/noordelijkfilmfestival.nl\\\/en\\\/#website\",\"url\":\"https:\\\/\\\/noordelijkfilmfestival.nl\\\/en\\\/\",\"name\":\"Noordelijk Film Festival\",\"description\":\"H\u00e9t filmfeest van het noorden.\",\"publisher\":{\"@id\":\"https:\\\/\\\/noordelijkfilmfestival.nl\\\/en\\\/#organization\"},\"potentialAction\":[{\"@type\":\"SearchAction\",\"target\":{\"@type\":\"EntryPoint\",\"urlTemplate\":\"https:\\\/\\\/noordelijkfilmfestival.nl\\\/en\\\/?s={search_term_string}\"},\"query-input\":{\"@type\":\"PropertyValueSpecification\",\"valueRequired\":true,\"valueName\":\"search_term_string\"}}],\"inLanguage\":\"en-US\"},{\"@type\":\"Organization\",\"@id\":\"https:\\\/\\\/noordelijkfilmfestival.nl\\\/en\\\/#organization\",\"name\":\"Noordelijk Film Festival\",\"url\":\"https:\\\/\\\/noordelijkfilmfestival.nl\\\/en\\\/\",\"logo\":{\"@type\":\"ImageObject\",\"inLanguage\":\"en-US\",\"@id\":\"https:\\\/\\\/noordelijkfilmfestival.nl\\\/en\\\/#\\\/schema\\\/logo\\\/image\\\/\",\"url\":\"\",\"contentUrl\":\"\",\"caption\":\"Noordelijk Film Festival\"},\"image\":{\"@id\":\"https:\\\/\\\/noordelijkfilmfestival.nl\\\/en\\\/#\\\/schema\\\/logo\\\/image\\\/\"}}]}<\/script>\n<!-- \/ Yoast SEO plugin. -->","yoast_head_json":{"title":"Special closing event: Am\u00e9lie - Noordelijk Film Festival","description":"Ticket information, discount passes, Cineville pass and merchandise items. Frequently asked questions ticketinfo.","robots":{"index":"index","follow":"follow","max-snippet":"max-snippet:-1","max-image-preview":"max-image-preview:large","max-video-preview":"max-video-preview:-1"},"canonical":"https:\/\/noordelijkfilmfestival.nl\/en\/special-closing-event-amelie\/","og_locale":"en_US","og_type":"article","og_title":"Special closing event: Am\u00e9lie - Noordelijk Film Festival","og_description":"Ticket information, discount passes, Cineville pass and merchandise items. Frequently asked questions ticketinfo.","og_url":"https:\/\/noordelijkfilmfestival.nl\/en\/special-closing-event-amelie\/","og_site_name":"Noordelijk Film Festival","article_modified_time":"2025-09-24T10:21:46+00:00","twitter_card":"summary_large_image","schema":{"@context":"https:\/\/schema.org","@graph":[{"@type":"WebPage","@id":"https:\/\/noordelijkfilmfestival.nl\/en\/special-closing-event-amelie\/","url":"https:\/\/noordelijkfilmfestival.nl\/en\/special-closing-event-amelie\/","name":"Special closing event: Am\u00e9lie - Noordelijk Film Festival","isPartOf":{"@id":"https:\/\/noordelijkfilmfestival.nl\/en\/#website"},"primaryImageOfPage":{"@id":"https:\/\/noordelijkfilmfestival.nl\/en\/special-closing-event-amelie\/#primaryimage"},"image":{"@id":"https:\/\/noordelijkfilmfestival.nl\/en\/special-closing-event-amelie\/#primaryimage"},"thumbnailUrl":"https:\/\/noordelijkfilmfestival.nl\/app\/uploads\/2025\/09\/amelie_-orchestra_1.2-scaled.jpg","datePublished":"2025-09-17T07:49:15+00:00","dateModified":"2025-09-24T10:21:46+00:00","description":"Ticket information, discount passes, Cineville pass and merchandise items. Frequently asked questions ticketinfo.","breadcrumb":{"@id":"https:\/\/noordelijkfilmfestival.nl\/en\/special-closing-event-amelie\/#breadcrumb"},"inLanguage":"en-US","potentialAction":[{"@type":"ReadAction","target":["https:\/\/noordelijkfilmfestival.nl\/en\/special-closing-event-amelie\/"]}]},{"@type":"ImageObject","inLanguage":"en-US","@id":"https:\/\/noordelijkfilmfestival.nl\/en\/special-closing-event-amelie\/#primaryimage","url":"https:\/\/noordelijkfilmfestival.nl\/app\/uploads\/2025\/09\/amelie_-orchestra_1.2-scaled.jpg","contentUrl":"https:\/\/noordelijkfilmfestival.nl\/app\/uploads\/2025\/09\/amelie_-orchestra_1.2-scaled.jpg","width":2560,"height":2428},{"@type":"BreadcrumbList","@id":"https:\/\/noordelijkfilmfestival.nl\/en\/special-closing-event-amelie\/#breadcrumb","itemListElement":[{"@type":"ListItem","position":1,"name":"Home","item":"https:\/\/noordelijkfilmfestival.nl\/en\/"},{"@type":"ListItem","position":2,"name":"Special closing event: Am\u00e9lie"}]},{"@type":"WebSite","@id":"https:\/\/noordelijkfilmfestival.nl\/en\/#website","url":"https:\/\/noordelijkfilmfestival.nl\/en\/","name":"Noordelijk Film Festival","description":"H\u00e9t filmfeest van het noorden.","publisher":{"@id":"https:\/\/noordelijkfilmfestival.nl\/en\/#organization"},"potentialAction":[{"@type":"SearchAction","target":{"@type":"EntryPoint","urlTemplate":"https:\/\/noordelijkfilmfestival.nl\/en\/?s={search_term_string}"},"query-input":{"@type":"PropertyValueSpecification","valueRequired":true,"valueName":"search_term_string"}}],"inLanguage":"en-US"},{"@type":"Organization","@id":"https:\/\/noordelijkfilmfestival.nl\/en\/#organization","name":"Noordelijk Film Festival","url":"https:\/\/noordelijkfilmfestival.nl\/en\/","logo":{"@type":"ImageObject","inLanguage":"en-US","@id":"https:\/\/noordelijkfilmfestival.nl\/en\/#\/schema\/logo\/image\/","url":"","contentUrl":"","caption":"Noordelijk Film Festival"},"image":{"@id":"https:\/\/noordelijkfilmfestival.nl\/en\/#\/schema\/logo\/image\/"}}]}},"_links":{"self":[{"href":"https:\/\/noordelijkfilmfestival.nl\/en\/wp-json\/wp\/v2\/pages\/38537","targetHints":{"allow":["GET"]}}],"collection":[{"href":"https:\/\/noordelijkfilmfestival.nl\/en\/wp-json\/wp\/v2\/pages"}],"about":[{"href":"https:\/\/noordelijkfilmfestival.nl\/en\/wp-json\/wp\/v2\/types\/page"}],"author":[{"embeddable":true,"href":"https:\/\/noordelijkfilmfestival.nl\/en\/wp-json\/wp\/v2\/users\/3"}],"replies":[{"embeddable":true,"href":"https:\/\/noordelijkfilmfestival.nl\/en\/wp-json\/wp\/v2\/comments?post=38537"}],"version-history":[{"count":3,"href":"https:\/\/noordelijkfilmfestival.nl\/en\/wp-json\/wp\/v2\/pages\/38537\/revisions"}],"predecessor-version":[{"id":38770,"href":"https:\/\/noordelijkfilmfestival.nl\/en\/wp-json\/wp\/v2\/pages\/38537\/revisions\/38770"}],"wp:featuredmedia":[{"embeddable":true,"href":"https:\/\/noordelijkfilmfestival.nl\/en\/wp-json\/wp\/v2\/media\/38654"}],"wp:attachment":[{"href":"https:\/\/noordelijkfilmfestival.nl\/en\/wp-json\/wp\/v2\/media?parent=38537"}],"curies":[{"name":"wp","href":"https:\/\/api.w.org\/{rel}","templated":true}]}}